{"id":1119,"date":"2019-01-21T15:31:37","date_gmt":"2019-01-21T14:31:37","guid":{"rendered":"https:\/\/www.luccaheritageretreat.top\/contacto\/"},"modified":"2025-11-13T11:14:15","modified_gmt":"2025-11-13T10:14:15","slug":"contatto","status":"publish","type":"page","link":"https:\/\/www.luccaheritageretreat.top\/it\/contatto\/","title":{"rendered":"Contatto"},"content":{"rendered":"\n<style type=\"text\/css\" data-created_by=\"avia_inline_auto\" id=\"style-css-av-uvwwo-39e00e5a84abaa35508b4bdcd5bfa65b\">\n.avia-section.av-uvwwo-39e00e5a84abaa35508b4bdcd5bfa65b .av-parallax .av-parallax-inner{\nbackground-repeat:no-repeat;\nbackground-image:url(https:\/\/www.luccaheritageretreat.top\/wp-content\/uploads\/2017\/06\/contact-us.jpg);\nbackground-position:0% 0%;\nbackground-attachment:scroll;\n}\n<\/style>\n<div id='av_section_1'  class='avia-section av-uvwwo-39e00e5a84abaa35508b4bdcd5bfa65b main_color avia-section-default avia-no-shadow  avia-builder-el-0  el_before_av_one_half  avia-builder-el-first  avia-full-stretch av-parallax-section avia-bg-style-parallax container_wrap sidebar_right'  data-section-bg-repeat='stretch'><div class='av-parallax' data-avia-parallax-ratio='0.3' ><div class='av-parallax-inner main_color avia-full-stretch'><\/div><\/div><div class='container av-section-cont-open' ><main  role=\"main\" itemprop=\"mainContentOfPage\"  class='template-page content  av-content-small alpha units'><div class='post-entry post-entry-type-page post-entry-1119'><div class='entry-content-wrapper clearfix'>\n\n<style type=\"text\/css\" data-created_by=\"avia_inline_auto\" id=\"style-css-av-2yj8g-df9e2beb9de3d060a5fe7a098f7816fb\">\n#top .av-special-heading.av-2yj8g-df9e2beb9de3d060a5fe7a098f7816fb{\npadding-bottom:0;\ncolor:#ffffff;\nfont-size:60px;\n}\nbody .av-special-heading.av-2yj8g-df9e2beb9de3d060a5fe7a098f7816fb .av-special-heading-tag .heading-char{\nfont-size:25px;\n}\n#top #wrap_all .av-special-heading.av-2yj8g-df9e2beb9de3d060a5fe7a098f7816fb .av-special-heading-tag{\nfont-size:60px;\n}\n.av-special-heading.av-2yj8g-df9e2beb9de3d060a5fe7a098f7816fb .special-heading-inner-border{\nborder-color:#ffffff;\n}\n.av-special-heading.av-2yj8g-df9e2beb9de3d060a5fe7a098f7816fb .av-subheading{\nfont-size:18px;\n}\n\n@media only screen and (min-width: 480px) and (max-width: 767px){ \n#top #wrap_all .av-special-heading.av-2yj8g-df9e2beb9de3d060a5fe7a098f7816fb .av-special-heading-tag{\nfont-size:0.8em;\n}\n}\n\n@media only screen and (max-width: 479px){ \n#top #wrap_all .av-special-heading.av-2yj8g-df9e2beb9de3d060a5fe7a098f7816fb .av-special-heading-tag{\nfont-size:0.8em;\n}\n}\n<\/style>\n<div  class='av-special-heading av-2yj8g-df9e2beb9de3d060a5fe7a098f7816fb av-special-heading-h1 custom-color-heading blockquote modern-quote  avia-builder-el-1  avia-builder-el-no-sibling  av-inherit-size'><h1 class='av-special-heading-tag '  itemprop=\"headline\"  >Contatto<\/h1><div class='av_custom_color av-subheading av-subheading_below'><p>Indirizzo<\/p>\n<\/div><div class=\"special-heading-border\"><div class=\"special-heading-inner-border\"><\/div><\/div><\/div>\n<\/div><\/div><\/main><!-- close content main element --><\/div><\/div><div id='after_section_1'  class='main_color av_default_container_wrap container_wrap sidebar_right'  ><div class='container av-section-cont-open' ><div class='template-page content  av-content-small alpha units'><div class='post-entry post-entry-type-page post-entry-1119'><div class='entry-content-wrapper clearfix'>\n\n<style type=\"text\/css\" data-created_by=\"avia_inline_auto\" id=\"style-css-av-klzs0-0addc21acb39eeed6f79edaf5c92730c\">\n.flex_column.av-klzs0-0addc21acb39eeed6f79edaf5c92730c{\nborder-radius:0px 0px 0px 0px;\npadding:0px 0px 0px 0px;\n}\n<\/style>\n<div  class='flex_column av-klzs0-0addc21acb39eeed6f79edaf5c92730c av_one_half  avia-builder-el-2  el_after_av_section  el_before_av_one_half  avia-builder-el-first  first flex_column_div av-zero-column-padding  '     ><section  class='av_textblock_section av-jr7os8fr-4c6d55728462144b134b1e4fb069c199 '   itemscope=\"itemscope\" itemtype=\"https:\/\/schema.org\/CreativeWork\" ><div class='avia_textblock'  itemprop=\"text\" ><h3>Lucca Heritage Retreat<\/h3>\n<h5>15 Via del Gallo, 55100 Lucca, Italia<\/h5>\n<\/div><\/section><br \/>\n<section  class='av_textblock_section av-jr7oslly-7e68829782ee75c7d9e86861c2aa42b4 '   itemscope=\"itemscope\" itemtype=\"https:\/\/schema.org\/CreativeWork\" ><div class='avia_textblock'  itemprop=\"text\" ><p><iframe src=\"https:\/\/www.google.com\/maps\/embed?pb=!1m18!1m12!1m3!1d2877.665924656838!2d10.502408576538508!3d43.84202444019727!2m3!1f0!2f0!3f0!3m2!1i1024!2i768!4f13.1!3m3!1m2!1s0x12d58330f6f69d8f%3A0x6fafaa81889ad6a3!2sLucca%20Heritage%20Retreat!5e0!3m2!1sit!2ses!4v1763028815895!5m2!1sit!2ses\" width=\"600\" height=\"450\" style=\"border:0;\" allowfullscreen=\"\" loading=\"lazy\" referrerpolicy=\"no-referrer-when-downgrade\"><\/iframe><\/p>\n<\/div><\/section><\/p><\/div>\n<style type=\"text\/css\" data-created_by=\"avia_inline_auto\" id=\"style-css-av-glkpc-b1a8cbe053e188d12b096c0da68972e2\">\n.flex_column.av-glkpc-b1a8cbe053e188d12b096c0da68972e2{\nborder-radius:0px 0px 0px 0px;\npadding:0px 0px 0px 0px;\n}\n<\/style>\n<div  class='flex_column av-glkpc-b1a8cbe053e188d12b096c0da68972e2 av_one_half  avia-builder-el-5  el_after_av_one_half  avia-builder-el-last  flex_column_div av-zero-column-padding  '     ><article  class='iconbox iconbox_left av-y37k-2a7d8f3d7d13ee19ee7493a56e6bba47  avia-builder-el-6  avia-builder-el-no-sibling '  itemscope=\"itemscope\" itemtype=\"https:\/\/schema.org\/CreativeWork\" ><div class=\"iconbox_content\"><header class=\"entry-content-header\"><div class=\"iconbox_icon heading-color\" aria-hidden='true' data-av_icon='' data-av_iconfont='entypo-fontello'><\/div><h3 class='iconbox_content_title '  itemprop=\"headline\" >CONTATTO<\/h3><\/header><div class='iconbox_content_container '  itemprop=\"text\" ><p><strong>Prenotazioni<\/strong><\/p>\n<p><a href=\"https:\/\/www.luccaheritageretreat.top\/prenota\"><strong><span style=\"color: #ff0000;\">Fai click qui per prenotare<\/span><\/strong><\/a>.<\/p>\n<\/div><\/div><footer class=\"entry-footer\"><\/footer><\/article><\/div><\/p>\n","protected":false},"excerpt":{"rendered":"","protected":false},"author":1,"featured_media":0,"parent":0,"menu_order":0,"comment_status":"closed","ping_status":"closed","template":"","meta":{"footnotes":""},"class_list":["post-1119","page","type-page","status-publish","hentry"],"yoast_head":"<!-- This site is optimized with the Yoast SEO plugin v26.3 - https:\/\/yoast.com\/wordpress\/plugins\/seo\/ -->\n<title>Contatto<\/title>\n<meta name=\"description\" content=\"Tutto quello che ti serve per parlare con noi: indirizzo, telefono, e-mail...\" \/>\n<meta name=\"robots\" content=\"index, follow, max-snippet:-1, max-image-preview:large, max-video-preview:-1\" \/>\n<link rel=\"canonical\" href=\"https:\/\/www.luccaheritageretreat.top\/it\/contatto\/\" \/>\n<meta property=\"og:locale\" content=\"it_IT\" \/>\n<meta property=\"og:type\" content=\"article\" \/>\n<meta property=\"og:title\" content=\"Contatto\" \/>\n<meta property=\"og:description\" content=\"Tutto quello che ti serve per parlare con noi: indirizzo, telefono, e-mail...\" \/>\n<meta property=\"og:url\" content=\"https:\/\/www.luccaheritageretreat.top\/it\/contatto\/\" \/>\n<meta property=\"og:site_name\" content=\"Lucca Heritage Retreat, Lucca\" \/>\n<meta property=\"article:modified_time\" content=\"2025-11-13T10:14:15+00:00\" \/>\n<meta name=\"twitter:card\" content=\"summary_large_image\" \/>\n<meta name=\"twitter:label1\" content=\"Tempo di lettura stimato\" \/>\n\t<meta name=\"twitter:data1\" content=\"1 minuto\" \/>\n<script type=\"application\/ld+json\" class=\"yoast-schema-graph\">{\"@context\":\"https:\/\/schema.org\",\"@graph\":[{\"@type\":\"WebPage\",\"@id\":\"https:\/\/www.luccaheritageretreat.top\/it\/contatto\/\",\"url\":\"https:\/\/www.luccaheritageretreat.top\/it\/contatto\/\",\"name\":\"Contatto\",\"isPartOf\":{\"@id\":\"https:\/\/www.luccaheritageretreat.top\/it\/#website\"},\"datePublished\":\"2019-01-21T14:31:37+00:00\",\"dateModified\":\"2025-11-13T10:14:15+00:00\",\"description\":\"Tutto quello che ti serve per parlare con noi: indirizzo, telefono, e-mail...\",\"breadcrumb\":{\"@id\":\"https:\/\/www.luccaheritageretreat.top\/it\/contatto\/#breadcrumb\"},\"inLanguage\":\"it-IT\",\"potentialAction\":[{\"@type\":\"ReadAction\",\"target\":[\"https:\/\/www.luccaheritageretreat.top\/it\/contatto\/\"]}]},{\"@type\":\"BreadcrumbList\",\"@id\":\"https:\/\/www.luccaheritageretreat.top\/it\/contatto\/#breadcrumb\",\"itemListElement\":[{\"@type\":\"ListItem\",\"position\":1,\"name\":\"Home\",\"item\":\"https:\/\/www.luccaheritageretreat.top\/it\/\"},{\"@type\":\"ListItem\",\"position\":2,\"name\":\"Contatto\"}]},{\"@type\":\"WebSite\",\"@id\":\"https:\/\/www.luccaheritageretreat.top\/it\/#website\",\"url\":\"https:\/\/www.luccaheritageretreat.top\/it\/\",\"name\":\"Lucca Heritage Retreat, Lucca\",\"description\":\"Lucca Heritage Retreat, Lucca\",\"publisher\":{\"@id\":\"https:\/\/www.luccaheritageretreat.top\/it\/#organization\"},\"potentialAction\":[{\"@type\":\"SearchAction\",\"target\":{\"@type\":\"EntryPoint\",\"urlTemplate\":\"https:\/\/www.luccaheritageretreat.top\/it\/?s={search_term_string}\"},\"query-input\":{\"@type\":\"PropertyValueSpecification\",\"valueRequired\":true,\"valueName\":\"search_term_string\"}}],\"inLanguage\":\"it-IT\"},{\"@type\":\"Organization\",\"@id\":\"https:\/\/www.luccaheritageretreat.top\/it\/#organization\",\"name\":\"Hostal R\u00edo Paran\u00e1\",\"url\":\"https:\/\/www.luccaheritageretreat.top\/it\/\",\"logo\":{\"@type\":\"ImageObject\",\"inLanguage\":\"it-IT\",\"@id\":\"https:\/\/www.luccaheritageretreat.top\/it\/#\/schema\/logo\/image\/\",\"url\":\"https:\/\/www.luccaheritageretreat.top\/wp-content\/uploads\/2019\/06\/Hostal-rio-paran\u00e1.png\",\"contentUrl\":\"https:\/\/www.luccaheritageretreat.top\/wp-content\/uploads\/2019\/06\/Hostal-rio-paran\u00e1.png\",\"width\":500,\"height\":500,\"caption\":\"Hostal R\u00edo Paran\u00e1\"},\"image\":{\"@id\":\"https:\/\/www.luccaheritageretreat.top\/it\/#\/schema\/logo\/image\/\"}}]}<\/script>\n<!-- \/ Yoast SEO plugin. -->","yoast_head_json":{"title":"Contatto","description":"Tutto quello che ti serve per parlare con noi: indirizzo, telefono, e-mail...","robots":{"index":"index","follow":"follow","max-snippet":"max-snippet:-1","max-image-preview":"max-image-preview:large","max-video-preview":"max-video-preview:-1"},"canonical":"https:\/\/www.luccaheritageretreat.top\/it\/contatto\/","og_locale":"it_IT","og_type":"article","og_title":"Contatto","og_description":"Tutto quello che ti serve per parlare con noi: indirizzo, telefono, e-mail...","og_url":"https:\/\/www.luccaheritageretreat.top\/it\/contatto\/","og_site_name":"Lucca Heritage Retreat, Lucca","article_modified_time":"2025-11-13T10:14:15+00:00","twitter_card":"summary_large_image","twitter_misc":{"Tempo di lettura stimato":"1 minuto"},"schema":{"@context":"https:\/\/schema.org","@graph":[{"@type":"WebPage","@id":"https:\/\/www.luccaheritageretreat.top\/it\/contatto\/","url":"https:\/\/www.luccaheritageretreat.top\/it\/contatto\/","name":"Contatto","isPartOf":{"@id":"https:\/\/www.luccaheritageretreat.top\/it\/#website"},"datePublished":"2019-01-21T14:31:37+00:00","dateModified":"2025-11-13T10:14:15+00:00","description":"Tutto quello che ti serve per parlare con noi: indirizzo, telefono, e-mail...","breadcrumb":{"@id":"https:\/\/www.luccaheritageretreat.top\/it\/contatto\/#breadcrumb"},"inLanguage":"it-IT","potentialAction":[{"@type":"ReadAction","target":["https:\/\/www.luccaheritageretreat.top\/it\/contatto\/"]}]},{"@type":"BreadcrumbList","@id":"https:\/\/www.luccaheritageretreat.top\/it\/contatto\/#breadcrumb","itemListElement":[{"@type":"ListItem","position":1,"name":"Home","item":"https:\/\/www.luccaheritageretreat.top\/it\/"},{"@type":"ListItem","position":2,"name":"Contatto"}]},{"@type":"WebSite","@id":"https:\/\/www.luccaheritageretreat.top\/it\/#website","url":"https:\/\/www.luccaheritageretreat.top\/it\/","name":"Lucca Heritage Retreat, Lucca","description":"Lucca Heritage Retreat, Lucca","publisher":{"@id":"https:\/\/www.luccaheritageretreat.top\/it\/#organization"},"potentialAction":[{"@type":"SearchAction","target":{"@type":"EntryPoint","urlTemplate":"https:\/\/www.luccaheritageretreat.top\/it\/?s={search_term_string}"},"query-input":{"@type":"PropertyValueSpecification","valueRequired":true,"valueName":"search_term_string"}}],"inLanguage":"it-IT"},{"@type":"Organization","@id":"https:\/\/www.luccaheritageretreat.top\/it\/#organization","name":"Hostal R\u00edo Paran\u00e1","url":"https:\/\/www.luccaheritageretreat.top\/it\/","logo":{"@type":"ImageObject","inLanguage":"it-IT","@id":"https:\/\/www.luccaheritageretreat.top\/it\/#\/schema\/logo\/image\/","url":"https:\/\/www.luccaheritageretreat.top\/wp-content\/uploads\/2019\/06\/Hostal-rio-paran\u00e1.png","contentUrl":"https:\/\/www.luccaheritageretreat.top\/wp-content\/uploads\/2019\/06\/Hostal-rio-paran\u00e1.png","width":500,"height":500,"caption":"Hostal R\u00edo Paran\u00e1"},"image":{"@id":"https:\/\/www.luccaheritageretreat.top\/it\/#\/schema\/logo\/image\/"}}]}},"_links":{"self":[{"href":"https:\/\/www.luccaheritageretreat.top\/it\/wp-json\/wp\/v2\/pages\/1119","targetHints":{"allow":["GET"]}}],"collection":[{"href":"https:\/\/www.luccaheritageretreat.top\/it\/wp-json\/wp\/v2\/pages"}],"about":[{"href":"https:\/\/www.luccaheritageretreat.top\/it\/wp-json\/wp\/v2\/types\/page"}],"author":[{"embeddable":true,"href":"https:\/\/www.luccaheritageretreat.top\/it\/wp-json\/wp\/v2\/users\/1"}],"replies":[{"embeddable":true,"href":"https:\/\/www.luccaheritageretreat.top\/it\/wp-json\/wp\/v2\/comments?post=1119"}],"version-history":[{"count":4,"href":"https:\/\/www.luccaheritageretreat.top\/it\/wp-json\/wp\/v2\/pages\/1119\/revisions"}],"predecessor-version":[{"id":1270,"href":"https:\/\/www.luccaheritageretreat.top\/it\/wp-json\/wp\/v2\/pages\/1119\/revisions\/1270"}],"wp:attachment":[{"href":"https:\/\/www.luccaheritageretreat.top\/it\/wp-json\/wp\/v2\/media?parent=1119"}],"curies":[{"name":"wp","href":"https:\/\/api.w.org\/{rel}","templated":true}]}}